{"id":1808,"date":"2020-06-26T16:48:29","date_gmt":"2020-06-26T16:48:29","guid":{"rendered":"https:\/\/old4.commonsupport.com\/rinbuild\/?page_id=1808"},"modified":"2025-06-24T21:11:16","modified_gmt":"2025-06-24T21:11:16","slug":"qui-sommes-nous","status":"publish","type":"page","link":"https:\/\/yn-ingenierie.com\/?page_id=1808","title":{"rendered":"Qui Sommes Nous"},"content":{"rendered":"\t\t<div data-elementor-type=\"wp-page\" data-elementor-id=\"1808\" class=\"elementor elementor-1808\" data-elementor-post-type=\"page\">\n\t\t\t\t\t\t<section class=\"elementor-section elementor-top-section elementor-element elementor-element-cb3b6d2 elementor-section-stretched elementor-section-full_width elementor-section-height-default elementor-section-height-default\" data-id=\"cb3b6d2\" data-element_type=\"section\" data-settings=\"{&quot;stretch_section&quot;:&quot;section-stretched&quot;}\">\n\t\t\t\t\t\t<div class=\"elementor-container elementor-column-gap-no\">\n\t\t\t\t\t<div class=\"elementor-column elementor-col-50 elementor-top-column elementor-element elementor-element-ee90485\" data-id=\"ee90485\" data-element_type=\"column\">\n\t\t\t<div class=\"elementor-widget-wrap elementor-element-populated\">\n\t\t\t\t\t\t<div class=\"elementor-element elementor-element-f8d8c7b br elementor-widget elementor-widget-rinbuild_welcomeimg\" data-id=\"f8d8c7b\" data-element_type=\"widget\" data-widget_type=\"rinbuild_welcomeimg.default\">\n\t\t\t\t<div class=\"elementor-widget-container\">\n\t\t\t\t\t<section class=\"about-style1-area style3\">\n    <div class=\"container\">\n        <div class=\"row\">\n            <div class=\"col-xl-12\">\n                 \n\t\t\t\t \t\t\t\t <div class=\"about-style3-image-box\">\n\t\t\t\t\t<img decoding=\"async\" src=\"https:\/\/yn-ingenierie.com\/wp-content\/uploads\/2020\/10\/portfolio-style5-7.jpg\" alt=\"\"> \n\t\t\t\t<\/div> \n\t\t\t\t\t\t\t\t\n            <\/div>\n        <\/div> \n    <\/div>    \n<\/section>\n\t\t\t\t\t\t<\/div>\n\t\t\t\t<\/div>\n\t\t\t\t\t<\/div>\n\t\t<\/div>\n\t\t\t\t<div class=\"elementor-column elementor-col-50 elementor-top-column elementor-element elementor-element-08ca283\" data-id=\"08ca283\" data-element_type=\"column\">\n\t\t\t<div class=\"elementor-widget-wrap elementor-element-populated\">\n\t\t\t\t\t\t<div class=\"elementor-element elementor-element-51012d4 mr elementor-widget elementor-widget-rinbuild_welcome\" data-id=\"51012d4\" data-element_type=\"widget\" data-widget_type=\"rinbuild_welcome.default\">\n\t\t\t\t<div class=\"elementor-widget-container\">\n\t\t\t\t\t<section class=\"about-style1-area style3\"> \n    <div class=\"container\">\n        <div class=\"row\">\n            <div class=\"col-xl-12 col-lg-12\">\n                <div class=\"about-style1-text-box style3\">\n                    <div class=\"title\">\n                        <p>WELCOME<\/p>\n                        <h1>Nos <b>8<\/b> <span>YN INGENIERIE<\/span><br> <b>ann\u00e9es<\/b> d'exp\u00e9rience professionnelle.<\/h1>\n                    <\/div>\n                    <div class=\"inner-contant\">\n                        <p>YN Ing\u00e9nierie est un bureau d'\u00e9tudes marocain sp\u00e9cialis\u00e9 dans l'ing\u00e9nierie technique, offrant des solutions innovantes et sur mesure pour vos projets de construction. <br><br> Nous intervenons \u00e0 toutes les \u00e9tapes de vos projets, de la conception \u00e0 la r\u00e9alisation, en passant par la coordination et le suivi des travaux.\n\n<\/p>\n                        \n\t\t\t\t\t\t\t\t\t\t\t\t<div class=\"signature-box\">\n                            <img decoding=\"async\" src=\"https:\/\/yn-ingenierie.com\/wp-content\/uploads\/2020\/02\/signature.png\" alt=\"\">    \n                        <\/div>\n\t\t\t\t\t\t\t\t\t\t\t\t\n                    <\/div>    \n                <\/div>  \n            <\/div>\n        <\/div> \n    <\/div>    \n<\/section>\n\t\t\t\t\t\t<\/div>\n\t\t\t\t<\/div>\n\t\t\t\t\t<\/div>\n\t\t<\/div>\n\t\t\t\t\t<\/div>\n\t\t<\/section>\n\t\t\t\t<\/div>\n\t\t","protected":false},"excerpt":{"rendered":"<p>WELCOME Nos 8 YN INGENIERIE ann\u00e9es d&#8217;exp\u00e9rience professionnelle. YN Ing\u00e9nierie est un bureau d&#8217;\u00e9tudes marocain sp\u00e9cialis\u00e9 dans l&#8217;ing\u00e9nierie technique, offrant des solutions innovantes et sur mesure pour vos projets de construction. Nous intervenons \u00e0 toutes les \u00e9tapes de vos projets, de la conception \u00e0 la r\u00e9alisation, en passant par la coordination et le suivi des [&hellip;]<\/p>\n","protected":false},"author":1,"featured_media":0,"parent":0,"menu_order":0,"comment_status":"closed","ping_status":"closed","template":"tpl-default-elementor.php","meta":{"footnotes":""},"class_list":["post-1808","page","type-page","status-publish","hentry"],"yoast_head":"<!-- This site is optimized with the Yoast SEO plugin v25.8 - https:\/\/yoast.com\/wordpress\/plugins\/seo\/ -->\n<title>Qui Sommes Nous - YN Ingenierie<\/title>\n<meta name=\"robots\" content=\"noindex, follow, max-snippet:-1, max-image-preview:large, max-video-preview:-1\" \/>\n<meta property=\"og:locale\" content=\"en_US\" \/>\n<meta property=\"og:type\" content=\"article\" \/>\n<meta property=\"og:title\" content=\"Qui Sommes Nous - YN Ingenierie\" \/>\n<meta property=\"og:description\" content=\"WELCOME Nos 8 YN INGENIERIE ann\u00e9es d&#8217;exp\u00e9rience professionnelle. YN Ing\u00e9nierie est un bureau d&#8217;\u00e9tudes marocain sp\u00e9cialis\u00e9 dans l&#8217;ing\u00e9nierie technique, offrant des solutions innovantes et sur mesure pour vos projets de construction. Nous intervenons \u00e0 toutes les \u00e9tapes de vos projets, de la conception \u00e0 la r\u00e9alisation, en passant par la coordination et le suivi des [&hellip;]\" \/>\n<meta property=\"og:url\" content=\"http:\/\/yn-ingenierie.com\/?page_id=1808\" \/>\n<meta property=\"og:site_name\" content=\"YN Ingenierie\" \/>\n<meta property=\"article:modified_time\" content=\"2025-06-24T21:11:16+00:00\" \/>\n<meta property=\"og:image\" content=\"http:\/\/yn-ingenierie.com\/wp-content\/uploads\/2020\/10\/portfolio-style5-7.jpg\" \/>\n<meta name=\"twitter:card\" content=\"summary_large_image\" \/>\n<meta name=\"twitter:label1\" content=\"Est. reading time\" \/>\n\t<meta name=\"twitter:data1\" content=\"1 minute\" \/>\n<script type=\"application\/ld+json\" class=\"yoast-schema-graph\">{\"@context\":\"https:\/\/schema.org\",\"@graph\":[{\"@type\":\"WebPage\",\"@id\":\"http:\/\/yn-ingenierie.com\/?page_id=1808\",\"url\":\"http:\/\/yn-ingenierie.com\/?page_id=1808\",\"name\":\"Qui Sommes Nous - YN Ingenierie\",\"isPartOf\":{\"@id\":\"http:\/\/yn-ingenierie.com\/#website\"},\"primaryImageOfPage\":{\"@id\":\"http:\/\/yn-ingenierie.com\/?page_id=1808#primaryimage\"},\"image\":{\"@id\":\"http:\/\/yn-ingenierie.com\/?page_id=1808#primaryimage\"},\"thumbnailUrl\":\"https:\/\/yn-ingenierie.com\/wp-content\/uploads\/2020\/10\/portfolio-style5-7.jpg\",\"datePublished\":\"2020-06-26T16:48:29+00:00\",\"dateModified\":\"2025-06-24T21:11:16+00:00\",\"breadcrumb\":{\"@id\":\"http:\/\/yn-ingenierie.com\/?page_id=1808#breadcrumb\"},\"inLanguage\":\"en-US\",\"potentialAction\":[{\"@type\":\"ReadAction\",\"target\":[\"http:\/\/yn-ingenierie.com\/?page_id=1808\"]}]},{\"@type\":\"ImageObject\",\"inLanguage\":\"en-US\",\"@id\":\"http:\/\/yn-ingenierie.com\/?page_id=1808#primaryimage\",\"url\":\"https:\/\/yn-ingenierie.com\/wp-content\/uploads\/2020\/10\/portfolio-style5-7.jpg\",\"contentUrl\":\"https:\/\/yn-ingenierie.com\/wp-content\/uploads\/2020\/10\/portfolio-style5-7.jpg\",\"width\":435,\"height\":435},{\"@type\":\"BreadcrumbList\",\"@id\":\"http:\/\/yn-ingenierie.com\/?page_id=1808#breadcrumb\",\"itemListElement\":[{\"@type\":\"ListItem\",\"position\":1,\"name\":\"Home\",\"item\":\"https:\/\/yn-ingenierie.com\/\"},{\"@type\":\"ListItem\",\"position\":2,\"name\":\"Qui Sommes Nous\"}]},{\"@type\":\"WebSite\",\"@id\":\"http:\/\/yn-ingenierie.com\/#website\",\"url\":\"http:\/\/yn-ingenierie.com\/\",\"name\":\"YN Ingenierie\",\"description\":\"\",\"potentialAction\":[{\"@type\":\"SearchAction\",\"target\":{\"@type\":\"EntryPoint\",\"urlTemplate\":\"http:\/\/yn-ingenierie.com\/?s={search_term_string}\"},\"query-input\":{\"@type\":\"PropertyValueSpecification\",\"valueRequired\":true,\"valueName\":\"search_term_string\"}}],\"inLanguage\":\"en-US\"}]}<\/script>\n<!-- \/ Yoast SEO plugin. -->","yoast_head_json":{"title":"Qui Sommes Nous - YN Ingenierie","robots":{"index":"noindex","follow":"follow","max-snippet":"max-snippet:-1","max-image-preview":"max-image-preview:large","max-video-preview":"max-video-preview:-1"},"og_locale":"en_US","og_type":"article","og_title":"Qui Sommes Nous - YN Ingenierie","og_description":"WELCOME Nos 8 YN INGENIERIE ann\u00e9es d&#8217;exp\u00e9rience professionnelle. YN Ing\u00e9nierie est un bureau d&#8217;\u00e9tudes marocain sp\u00e9cialis\u00e9 dans l&#8217;ing\u00e9nierie technique, offrant des solutions innovantes et sur mesure pour vos projets de construction. Nous intervenons \u00e0 toutes les \u00e9tapes de vos projets, de la conception \u00e0 la r\u00e9alisation, en passant par la coordination et le suivi des [&hellip;]","og_url":"http:\/\/yn-ingenierie.com\/?page_id=1808","og_site_name":"YN Ingenierie","article_modified_time":"2025-06-24T21:11:16+00:00","og_image":[{"url":"http:\/\/yn-ingenierie.com\/wp-content\/uploads\/2020\/10\/portfolio-style5-7.jpg","type":"","width":"","height":""}],"twitter_card":"summary_large_image","twitter_misc":{"Est. reading time":"1 minute"},"schema":{"@context":"https:\/\/schema.org","@graph":[{"@type":"WebPage","@id":"http:\/\/yn-ingenierie.com\/?page_id=1808","url":"http:\/\/yn-ingenierie.com\/?page_id=1808","name":"Qui Sommes Nous - YN Ingenierie","isPartOf":{"@id":"http:\/\/yn-ingenierie.com\/#website"},"primaryImageOfPage":{"@id":"http:\/\/yn-ingenierie.com\/?page_id=1808#primaryimage"},"image":{"@id":"http:\/\/yn-ingenierie.com\/?page_id=1808#primaryimage"},"thumbnailUrl":"https:\/\/yn-ingenierie.com\/wp-content\/uploads\/2020\/10\/portfolio-style5-7.jpg","datePublished":"2020-06-26T16:48:29+00:00","dateModified":"2025-06-24T21:11:16+00:00","breadcrumb":{"@id":"http:\/\/yn-ingenierie.com\/?page_id=1808#breadcrumb"},"inLanguage":"en-US","potentialAction":[{"@type":"ReadAction","target":["http:\/\/yn-ingenierie.com\/?page_id=1808"]}]},{"@type":"ImageObject","inLanguage":"en-US","@id":"http:\/\/yn-ingenierie.com\/?page_id=1808#primaryimage","url":"https:\/\/yn-ingenierie.com\/wp-content\/uploads\/2020\/10\/portfolio-style5-7.jpg","contentUrl":"https:\/\/yn-ingenierie.com\/wp-content\/uploads\/2020\/10\/portfolio-style5-7.jpg","width":435,"height":435},{"@type":"BreadcrumbList","@id":"http:\/\/yn-ingenierie.com\/?page_id=1808#breadcrumb","itemListElement":[{"@type":"ListItem","position":1,"name":"Home","item":"https:\/\/yn-ingenierie.com\/"},{"@type":"ListItem","position":2,"name":"Qui Sommes Nous"}]},{"@type":"WebSite","@id":"http:\/\/yn-ingenierie.com\/#website","url":"http:\/\/yn-ingenierie.com\/","name":"YN Ingenierie","description":"","potentialAction":[{"@type":"SearchAction","target":{"@type":"EntryPoint","urlTemplate":"http:\/\/yn-ingenierie.com\/?s={search_term_string}"},"query-input":{"@type":"PropertyValueSpecification","valueRequired":true,"valueName":"search_term_string"}}],"inLanguage":"en-US"}]}},"_links":{"self":[{"href":"https:\/\/yn-ingenierie.com\/index.php?rest_route=\/wp\/v2\/pages\/1808","targetHints":{"allow":["GET"]}}],"collection":[{"href":"https:\/\/yn-ingenierie.com\/index.php?rest_route=\/wp\/v2\/pages"}],"about":[{"href":"https:\/\/yn-ingenierie.com\/index.php?rest_route=\/wp\/v2\/types\/page"}],"author":[{"embeddable":true,"href":"https:\/\/yn-ingenierie.com\/index.php?rest_route=\/wp\/v2\/users\/1"}],"replies":[{"embeddable":true,"href":"https:\/\/yn-ingenierie.com\/index.php?rest_route=%2Fwp%2Fv2%2Fcomments&post=1808"}],"version-history":[{"count":5,"href":"https:\/\/yn-ingenierie.com\/index.php?rest_route=\/wp\/v2\/pages\/1808\/revisions"}],"predecessor-version":[{"id":7773,"href":"https:\/\/yn-ingenierie.com\/index.php?rest_route=\/wp\/v2\/pages\/1808\/revisions\/7773"}],"wp:attachment":[{"href":"https:\/\/yn-ingenierie.com\/index.php?rest_route=%2Fwp%2Fv2%2Fmedia&parent=1808"}],"curies":[{"name":"wp","href":"https:\/\/api.w.org\/{rel}","templated":true}]}}